{"id":81,"date":"2025-07-04T13:52:12","date_gmt":"2025-07-04T11:52:12","guid":{"rendered":"https:\/\/statist.me\/?page_id=81"},"modified":"2026-03-31T22:08:39","modified_gmt":"2026-03-31T20:08:39","slug":"cv","status":"publish","type":"page","link":"https:\/\/statist.me\/index.php\/cv\/","title":{"rendered":"CV"},"content":{"rendered":"\n<h2 class=\"wp-block-heading is-style-wide\"><\/h2>\n\n\n\n<div class=\"wp-block-columns is-not-stacked-on-mobile is-layout-flex wp-container-core-columns-is-layout-28f84493 wp-block-columns-is-layout-flex\">\n<div class=\"wp-block-column is-layout-flow wp-container-core-column-is-layout-119bc444 wp-block-column-is-layout-flow\">\n<p class=\"has-rock-salt-font-family\"><strong>Fakta<\/strong><\/p>\n<\/div>\n\n\n\n<div class=\"wp-block-column is-layout-flow wp-container-core-column-is-layout-119bc444 wp-block-column-is-layout-flow\">\n<p class=\"has-rock-salt-font-family\"><strong>Om mig<\/strong><\/p>\n<\/div>\n\n\n\n<div class=\"wp-block-column is-layout-flow wp-container-core-column-is-layout-119bc444 wp-block-column-is-layout-flow\">\n<p class=\"has-rock-salt-font-family\"><strong>Spr\u00e5k<\/strong><\/p>\n<\/div>\n\n\n\n<div class=\"wp-block-column is-layout-flow wp-container-core-column-is-layout-119bc444 wp-block-column-is-layout-flow\">\n<p class=\"has-rock-salt-font-family\"><strong>Yrken<\/strong><\/p>\n<\/div>\n<\/div>\n\n\n\n<hr class=\"wp-block-separator has-alpha-channel-opacity\" style=\"margin-top:var(--wp--preset--spacing--20);margin-bottom:0\"\/>\n\n\n\n<div class=\"wp-block-columns is-not-stacked-on-mobile is-layout-flex wp-container-core-columns-is-layout-28f84493 wp-block-columns-is-layout-flex\">\n<div class=\"wp-block-column is-layout-flow wp-container-core-column-is-layout-119bc444 wp-block-column-is-layout-flow\">\n<p>F1964<br>H168 cm<br>V 65 kg<\/p>\n\n\n\n<p><strong>STORLEK<\/strong><br>39\/M\/M\/M<\/p>\n<\/div>\n\n\n\n<div class=\"wp-block-column is-layout-flow wp-container-core-column-is-layout-119bc444 wp-block-column-is-layout-flow\">\n<p>Glad<br>Dedikerat<br>Kreativ<br>Empatisk<br>L\u00f6sningsorienterat<\/p>\n<\/div>\n\n\n\n<div class=\"wp-block-column is-layout-flow wp-container-core-column-is-layout-119bc444 wp-block-column-is-layout-flow\">\n<p>Svenska, danska, <br>tyska, engelska<\/p>\n\n\n\n<p><strong>BOR<\/strong><br>Stockholm, Nyk\u00f6ping, \u00c5re<\/p>\n<\/div>\n\n\n\n<div class=\"wp-block-column is-layout-flow wp-container-core-column-is-layout-119bc444 wp-block-column-is-layout-flow\">\n<p>Statist (nu)<br>Dansk design (10 \u00e5r+)<br>Inredare (10 \u00e5r)<br>S\u00e4ljare, internationell (9 \u00e5r)<br>Kemiingenj\u00f6r<br>L\u00e4karestuderande<\/p>\n<\/div>\n<\/div>\n\n\n\n<h2 class=\"wp-block-heading is-style-wide\"><\/h2>\n\n\n\n<div class=\"wp-block-columns is-not-stacked-on-mobile is-layout-flex wp-container-core-columns-is-layout-28f84493 wp-block-columns-is-layout-flex\">\n<div class=\"wp-block-column is-layout-flow wp-container-core-column-is-layout-119bc444 wp-block-column-is-layout-flow\">\n<p class=\"has-rock-salt-font-family\"><strong><strong>Ovanligt<\/strong><\/strong><\/p>\n<\/div>\n\n\n\n<div class=\"wp-block-column is-layout-flow wp-container-core-column-is-layout-119bc444 wp-block-column-is-layout-flow\">\n<p class=\"has-rock-salt-font-family\"><strong><strong>Vanligt<\/strong><\/strong><\/p>\n<\/div>\n\n\n\n<div class=\"wp-block-column is-layout-flow wp-container-core-column-is-layout-119bc444 wp-block-column-is-layout-flow\">\n<p class=\"has-rock-salt-font-family\"><strong><strong>K\u00f6rkort<\/strong><\/strong><\/p>\n<\/div>\n\n\n\n<div class=\"wp-block-column is-layout-flow wp-container-core-column-is-layout-119bc444 wp-block-column-is-layout-flow\">\n<p class=\"has-rock-salt-font-family\"><strong>Kul<\/strong><\/p>\n<\/div>\n<\/div>\n\n\n\n<hr class=\"wp-block-separator has-alpha-channel-opacity\" style=\"margin-top:var(--wp--preset--spacing--20);margin-bottom:0\"\/>\n\n\n\n<div class=\"wp-block-columns is-not-stacked-on-mobile is-layout-flex wp-container-core-columns-is-layout-28f84493 wp-block-columns-is-layout-flex\">\n<div class=\"wp-block-column is-layout-flow wp-container-core-column-is-layout-119bc444 wp-block-column-is-layout-flow\">\n<p>Pratar 4+ spr\u00e5k <br>61-\u00e5rig &#8221;extrem sportare&#8221;<br>Or\u00e4dd f\u00f6r h\u00f6jder<\/p>\n\n\n\n<p><\/p>\n<\/div>\n\n\n\n<div class=\"wp-block-column is-layout-flow wp-container-core-column-is-layout-119bc444 wp-block-column-is-layout-flow\">\n<p>Odla<br>Samla svamp<br>Sticka<\/p>\n<\/div>\n\n\n\n<div class=\"wp-block-column is-layout-flow wp-container-core-column-is-layout-119bc444 wp-block-column-is-layout-flow\">\n<p>Bil och lastbil med tungt sl\u00e4p<br>(B, BE, C1, CE1)<br>Vattenskoter<\/p>\n\n\n\n<p><\/p>\n<\/div>\n\n\n\n<div class=\"wp-block-column is-layout-flow wp-container-core-column-is-layout-119bc444 wp-block-column-is-layout-flow\">\n<p>Rest i 50+ l\u00e4nder<\/p>\n<\/div>\n<\/div>\n\n\n\n<hr class=\"wp-block-separator has-text-color has-background-color has-alpha-channel-opacity has-background-background-color has-background is-style-default\" style=\"margin-top:var(--wp--preset--spacing--20);margin-bottom:0\"\/>\n\n\n\n<hr class=\"wp-block-separator has-text-color has-background-color has-alpha-channel-opacity has-background-background-color has-background is-style-default\" style=\"margin-top:var(--wp--preset--spacing--20);margin-bottom:0\"\/>\n\n\n\n<h2 class=\"wp-block-heading has-rock-salt-font-family\"><\/h2>\n\n\n\n<div class=\"wp-block-columns is-not-stacked-on-mobile is-layout-flex wp-container-core-columns-is-layout-28f84493 wp-block-columns-is-layout-flex\">\n<div class=\"wp-block-column is-layout-flow wp-container-core-column-is-layout-119bc444 wp-block-column-is-layout-flow\">\n<p class=\"has-rock-salt-font-family\"><strong><strong><strong><strong><strong><strong>P\u00e5 vattnet hela \u00e5ret<\/strong><\/strong><\/strong><\/strong><\/strong><\/strong><\/p>\n<\/div>\n\n\n\n<div class=\"wp-block-column is-layout-flow wp-container-core-column-is-layout-119bc444 wp-block-column-is-layout-flow\">\n<p class=\"has-rock-salt-font-family\"><\/p>\n\n\n\n<p class=\"has-rock-salt-font-family\"><strong><strong><strong><strong>P\u00e5 land<\/strong><\/strong><\/strong><\/strong><\/p>\n<\/div>\n\n\n\n<div class=\"wp-block-column is-layout-flow wp-container-core-column-is-layout-119bc444 wp-block-column-is-layout-flow\">\n<p class=\"has-rock-salt-font-family\"><\/p>\n\n\n\n<p class=\"has-rock-salt-font-family\"><strong><strong><strong><strong><strong><strong>I sn\u00f6<\/strong><\/strong><\/strong><\/strong><\/strong><\/strong><\/p>\n<\/div>\n\n\n\n<div class=\"wp-block-column is-layout-flow wp-container-core-column-is-layout-119bc444 wp-block-column-is-layout-flow\">\n<p class=\"has-rock-salt-font-family\"><\/p>\n<\/div>\n<\/div>\n\n\n\n<hr class=\"wp-block-separator has-alpha-channel-opacity\" style=\"margin-top:var(--wp--preset--spacing--20);margin-bottom:0\"\/>\n\n\n\n<div class=\"wp-block-columns is-not-stacked-on-mobile is-layout-flex wp-container-core-columns-is-layout-28f84493 wp-block-columns-is-layout-flex\">\n<div class=\"wp-block-column is-layout-flow wp-container-core-column-is-layout-119bc444 wp-block-column-is-layout-flow\">\n<p>E-foil<br>Wakesurf<br>Windsurfing<br>Forspaddling<br>Eskimo-sv\u00e4ng<br>Vinterbadare<\/p>\n<\/div>\n\n\n\n<div class=\"wp-block-column is-layout-flow wp-container-core-column-is-layout-119bc444 wp-block-column-is-layout-flow\">\n<p>Jogging<br>E-MTB<br>Kl\u00e4ttring<\/p>\n<\/div>\n\n\n\n<div class=\"wp-block-column is-layout-flow wp-container-core-column-is-layout-119bc444 wp-block-column-is-layout-flow\">\n<p>Off piste<br>Randonee<\/p>\n\n\n\n<p><\/p>\n<\/div>\n\n\n\n<div class=\"wp-block-column is-layout-flow wp-container-core-column-is-layout-119bc444 wp-block-column-is-layout-flow\">\n<p><\/p>\n<\/div>\n<\/div>\n\n\n\n<div class=\"wp-block-columns is-not-stacked-on-mobile is-layout-flex wp-container-core-columns-is-layout-28f84493 wp-block-columns-is-layout-flex\">\n<div class=\"wp-block-column is-layout-flow wp-container-core-column-is-layout-119bc444 wp-block-column-is-layout-flow\">\n<p class=\"has-rock-salt-font-family\"><strong><strong><strong><strong><strong><strong><strong>Fordon<\/strong><\/strong><\/strong><\/strong><\/strong><\/strong><\/strong><\/p>\n<\/div>\n\n\n\n<div class=\"wp-block-column is-layout-flow wp-container-core-column-is-layout-119bc444 wp-block-column-is-layout-flow\">\n<p class=\"has-rock-salt-font-family\"><strong><strong><strong><strong><strong><strong>Rekvisita<\/strong><\/strong><\/strong><\/strong><\/strong><\/strong><br>(p\u00e5 land)<\/p>\n<\/div>\n\n\n\n<div class=\"wp-block-column is-layout-flow wp-container-core-column-is-layout-119bc444 wp-block-column-is-layout-flow\">\n<p class=\"has-rock-salt-font-family\"><strong><strong><strong><strong><strong><strong>Rekvisita<\/strong><\/strong><\/strong><\/strong><\/strong><\/strong><br>(vatten)<\/p>\n<\/div>\n\n\n\n<div class=\"wp-block-column is-layout-flow wp-container-core-column-is-layout-119bc444 wp-block-column-is-layout-flow\">\n<p class=\"has-rock-salt-font-family\"><\/p>\n<\/div>\n<\/div>\n\n\n\n<hr class=\"wp-block-separator has-alpha-channel-opacity\" style=\"margin-top:var(--wp--preset--spacing--20);margin-bottom:0\"\/>\n\n\n\n<div class=\"wp-block-columns is-not-stacked-on-mobile is-layout-flex wp-container-core-columns-is-layout-28f84493 wp-block-columns-is-layout-flex\">\n<div class=\"wp-block-column is-layout-flow wp-container-core-column-is-layout-119bc444 wp-block-column-is-layout-flow\">\n<p>Campervan 4-wheel drive<\/p>\n<\/div>\n\n\n\n<div class=\"wp-block-column is-layout-flow wp-container-core-column-is-layout-119bc444 wp-block-column-is-layout-flow\">\n<p style=\"font-size:18px\">Alpin skidor<br>Randonee skidor<\/p>\n\n\n\n<p style=\"font-size:18px\">E-mountainbike<br>T\u00e4vlingscykel<\/p>\n\n\n\n<p style=\"font-size:18px\"><\/p>\n<\/div>\n\n\n\n<div class=\"wp-block-column is-layout-flow wp-container-core-column-is-layout-119bc444 wp-block-column-is-layout-flow\">\n<p>E-foil (3st)<br>Wakesurfb\u00e5t och br\u00e4da<br>Surf- och windsurfing br\u00e4da<\/p>\n<\/div>\n\n\n\n<div class=\"wp-block-column is-layout-flow wp-container-core-column-is-layout-119bc444 wp-block-column-is-layout-flow\">\n<p><\/p>\n<\/div>\n<\/div>\n\n\n\n<hr class=\"wp-block-separator has-text-color has-background-color has-alpha-channel-opacity has-background-background-color has-background is-style-default\" style=\"margin-top:var(--wp--preset--spacing--20);margin-bottom:0\"\/>\n\n\n\n<hr class=\"wp-block-separator has-text-color has-background-color has-alpha-channel-opacity has-background-background-color has-background is-style-default\" style=\"margin-top:var(--wp--preset--spacing--20);margin-bottom:0\"\/>\n\n\n\n<div class=\"wp-block-columns is-layout-flex wp-container-core-columns-is-layout-28f84493 wp-block-columns-is-layout-flex\">\n<div class=\"wp-block-column is-layout-flow wp-container-core-column-is-layout-119bc444 wp-block-column-is-layout-flow\">\n<h2 class=\"wp-block-heading\"><\/h2>\n<\/div>\n<\/div>\n\n\n\n<div class=\"wp-block-columns is-layout-flex wp-container-core-columns-is-layout-28f84493 wp-block-columns-is-layout-flex\">\n<div class=\"wp-block-column is-layout-flow wp-block-column-is-layout-flow\" style=\"flex-basis:100%\">\n<h2 class=\"wp-block-heading is-style-default has-rock-salt-font-family\">FILM OCH TV<\/h2>\n\n\n\n<hr class=\"wp-block-separator has-text-color has-tertiary-color has-alpha-channel-opacity has-tertiary-background-color has-background is-style-wide\"\/>\n\n\n\n<p style=\"font-size:18px\">\u00c5remorden 2.4. <strong>Statist<\/strong>,\u00a0skid\u00e5kare och barg\u00e4st. SF Studio Productions\/Netflix 2026<br>Solsidan 9.2.\u00a0<strong>Statist<\/strong>, g\u00e4st Grand Hotel. TV4, 2025<br>Solsidan 10.\u00a0<strong>Statist<\/strong>,\u00a0tjej-g\u00e4ng Grand Hotel. TV4, 2025<br>Gr\u00e4nsfall.\u00a0<strong>Statist med repliker<\/strong>,\u00a0Hanne, polis. <em>SF Studios Production AB, <\/em>2024<br>En helt vanlig familj 1.6.\u00a0<strong>Statist, framtr\u00e4dande,<\/strong>\u00a0bitr\u00e4dande \u00e5klagare. <em>Netflix<\/em> 2023<br>Historien om Sverige.\u00a0<strong>Statist<\/strong>,\u00a0Kokerska 1930-tal . <em>SVT<\/em>, 2022<\/p>\n<\/div>\n\n\n\n<div class=\"wp-block-column is-layout-flow wp-container-core-column-is-layout-119bc444 wp-block-column-is-layout-flow\"><\/div>\n<\/div>\n\n\n\n<div class=\"wp-block-columns is-layout-flex wp-container-core-columns-is-layout-28f84493 wp-block-columns-is-layout-flex\">\n<div class=\"wp-block-column is-layout-flow wp-block-column-is-layout-flow\" style=\"flex-basis:100%\">\n<h2 class=\"wp-block-heading is-style-default has-rock-salt-font-family\">REKLAM<\/h2>\n\n\n\n<hr class=\"wp-block-separator has-text-color has-tertiary-color has-alpha-channel-opacity has-tertiary-background-color has-background is-style-wide\"\/>\n\n\n\n<p style=\"font-size:18px\"><strong>E-foilare<\/strong>.&nbsp;Reklamvideo, sociala medier, 2022<\/p>\n<\/div>\n<\/div>\n\n\n\n<p><\/p>\n\n\n\n<div class=\"wp-block-columns is-layout-flex wp-container-core-columns-is-layout-28f84493 wp-block-columns-is-layout-flex\">\n<div class=\"wp-block-column is-layout-flow wp-block-column-is-layout-flow\" style=\"flex-basis:100%\">\n<h2 class=\"wp-block-heading is-style-default has-rock-salt-font-family\">UTM\u00c4RKELSER<\/h2>\n\n\n\n<hr class=\"wp-block-separator has-text-color has-tertiary-color has-alpha-channel-opacity has-tertiary-background-color has-background is-style-wide\"\/>\n\n\n\n<p style=\"font-size:18px\">&#8221;Bischoff\u2019s talent &#8211; and love for what she does &#8211; lies in finding the perfect balance between form and function for every client.&#8221;<br>Vougue Scandinavia 28 mars 2024.<\/p>\n<\/div>\n<\/div>\n\n\n\n<p><\/p>\n","protected":false},"excerpt":{"rendered":"<p>Fakta Om mig Spr\u00e5k Yrken F1964H168 cmV 65 kg STORLEK39\/M\/M\/M GladDedikeratKreativEmpatiskL\u00f6sningsorienterat Svenska, danska, tyska, engelska BORStockholm, Nyk\u00f6ping, \u00c5re Statist (nu)Dansk design (10 \u00e5r+)Inredare (10 \u00e5r)S\u00e4ljare, internationell (9 \u00e5r)Kemiingenj\u00f6rL\u00e4karestuderande Ovanligt Vanligt K\u00f6rkort Kul Pratar 4+ spr\u00e5k 61-\u00e5rig &#8221;extrem sportare&#8221;Or\u00e4dd f\u00f6r h\u00f6jder OdlaSamla svampSticka Bil och lastbil med tungt sl\u00e4p(B, BE, C1, CE1)Vattenskoter Rest i 50+ l\u00e4nder [&hellip;]<\/p>\n","protected":false},"author":3,"featured_media":0,"parent":0,"menu_order":0,"comment_status":"closed","ping_status":"closed","template":"","meta":{"footnotes":""},"class_list":["post-81","page","type-page","status-publish","hentry"],"_links":{"self":[{"href":"https:\/\/statist.me\/index.php\/wp-json\/wp\/v2\/pages\/81","targetHints":{"allow":["GET"]}}],"collection":[{"href":"https:\/\/statist.me\/index.php\/wp-json\/wp\/v2\/pages"}],"about":[{"href":"https:\/\/statist.me\/index.php\/wp-json\/wp\/v2\/types\/page"}],"author":[{"embeddable":true,"href":"https:\/\/statist.me\/index.php\/wp-json\/wp\/v2\/users\/3"}],"replies":[{"embeddable":true,"href":"https:\/\/statist.me\/index.php\/wp-json\/wp\/v2\/comments?post=81"}],"version-history":[{"count":189,"href":"https:\/\/statist.me\/index.php\/wp-json\/wp\/v2\/pages\/81\/revisions"}],"predecessor-version":[{"id":847,"href":"https:\/\/statist.me\/index.php\/wp-json\/wp\/v2\/pages\/81\/revisions\/847"}],"wp:attachment":[{"href":"https:\/\/statist.me\/index.php\/wp-json\/wp\/v2\/media?parent=81"}],"curies":[{"name":"wp","href":"https:\/\/api.w.org\/{rel}","templated":true}]}}